{"id":34,"date":"2024-08-20T12:45:11","date_gmt":"2024-08-20T09:45:11","guid":{"rendered":"https:\/\/www.bj-eklund.fi\/?page_id=34"},"modified":"2024-10-23T15:23:29","modified_gmt":"2024-10-23T12:23:29","slug":"yhteystiedot","status":"publish","type":"page","link":"https:\/\/www.bj-eklund.fi\/fi\/yhteystiedot\/","title":{"rendered":"Yhteystiedot"},"content":{"rendered":"\n<div class=\"wp-block-stackable-columns alignwide stk-block-columns stk-block stk-8c9c1af\" data-block-id=\"8c9c1af\"><style>.stk-8c9c1af {padding-top:30px !important;padding-bottom:30px !important;}<\/style><div class=\"stk-row stk-inner-blocks stk-block-content stk-content-align stk-8c9c1af-column alignwide\">\n<div class=\"wp-block-stackable-column stk-block-column stk-column stk-block stk-edf7f22\" data-v=\"4\" data-block-id=\"edf7f22\"><div class=\"stk-column-wrapper stk-block-column__content stk-container stk-edf7f22-container stk--no-background stk--no-padding\"><div class=\"stk-block-content stk-inner-blocks stk-edf7f22-inner-blocks\">\n<div class=\"wp-block-stackable-columns stk-block-columns stk-block stk-cda51d0\" data-block-id=\"cda51d0\"><style>@media screen and (max-width:999px){.stk-cda51d0-column{row-gap:48px !important;}}<\/style><div class=\"stk-row stk-inner-blocks stk-block-content stk-content-align stk-cda51d0-column\">\n<div class=\"wp-block-stackable-column stk-block-column stk-column stk-block stk-f7db23e\" data-v=\"4\" data-block-id=\"f7db23e\"><style>.stk-f7db23e-inner-blocks{justify-content:center !important;}.stk-f7db23e-container{display:flex !important;}@media screen and (min-width:690px){.stk-f7db23e {flex:var(--stk-flex-grow, 1) 1 calc(33.33% - var(--stk-column-gap, 0px) * 2 \/ 3 ) !important;}}@media screen and (min-width:690px) and (max-width:999px){.stk-f7db23e {flex:var(--stk-flex-grow, 1) 1 calc(100% - var(--stk-column-gap, 0px) * 0 \/ 1 ) !important;}}<\/style><div class=\"stk-column-wrapper stk-block-column__content stk-container stk-f7db23e-container stk--no-background stk--no-padding\"><div class=\"stk-block-content stk-inner-blocks stk-f7db23e-inner-blocks\">\n<div class=\"wp-block-stackable-icon-box stk-block-icon-box stk-block stk-4d334c1\" data-v=\"2\" data-block-id=\"4d334c1\"><div class=\"stk-block-content stk-inner-blocks stk-block-icon-box__content stk-container stk-4d334c1-container stk--no-background stk--no-padding\">\n<div class=\"wp-block-stackable-icon-label stk-block-icon-label stk-block stk-1357c64\" data-block-id=\"1357c64\"><div class=\"stk-row stk-inner-blocks stk-block-content\">\n<div class=\"wp-block-stackable-icon stk-block-icon has-text-align-left stk-block stk-cf27f76\" data-block-id=\"cf27f76\"><style>.stk-cf27f76 .stk--svg-wrapper .stk--inner-svg svg:last-child, .stk-cf27f76 .stk--svg-wrapper .stk--inner-svg svg:last-child :is(g, path, rect, polygon, ellipse){fill:var(--theme-palette-color-1, #DD3333) !important;}<\/style><span class=\"stk--svg-wrapper\"><div class=\"stk--inner-svg\"><svg style=\"height:0;width:0\"><defs><linearGradient id=\"linear-gradient-cf27f76\" x1=\"0\" x2=\"100%\" y1=\"0\" y2=\"0\"><stop offset=\"0%\" style=\"stop-opacity:1;stop-color:var(--linear-gradient-cf-27-f-76-color-1)\"><\/stop><stop offset=\"100%\" style=\"stop-opacity:1;stop-color:var(--linear-gradient-cf-27-f-76-color-2)\"><\/stop><\/linearGradient><\/defs><\/svg><svg data-prefix=\"fa\" data-icon=\"star\" class=\"svg-inline--fa fa-star fa-w-18\" xmlns=\"http:\/\/www.w3.org\/2000\/svg\" viewBox=\"0 0 576 512\" aria-hidden=\"true\" width=\"32\" height=\"32\"><path fill=\"currentColor\" d=\"M259.3 17.8L194 150.2 47.9 171.5c-26.2 3.8-36.7 36.1-17.7 54.6l105.7 103-25 145.5c-4.5 26.3 23.2 46 46.4 33.7L288 439.6l130.7 68.7c23.2 12.2 50.9-7.4 46.4-33.7l-25-145.5 105.7-103c19-18.5 8.5-50.8-17.7-54.6L382 150.2 316.7 17.8c-11.7-23.6-45.6-23.9-57.4 0z\"><\/path><\/svg><\/div><\/span><\/div>\n\n\n\n<div class=\"wp-block-stackable-heading stk-block-heading stk-block-heading--v2 stk-block stk-cd28d92\" id=\"osoite\" data-block-id=\"cd28d92\"><h4 class=\"stk-block-heading__text\">Osoite<\/h4><\/div>\n<\/div><\/div>\n\n\n\n<div class=\"wp-block-stackable-text stk-block-text stk-block stk-c8cbf6a\" data-block-id=\"c8cbf6a\"><p class=\"stk-block-text__text\">Yrj\u00e4ksentie 2, 06830 KULLOONKYL\u00c4<\/p><\/div>\n<\/div><\/div>\n\n\n\n<div class=\"wp-block-stackable-icon-box stk-block-icon-box stk-block stk-7b9a901\" data-v=\"2\" data-block-id=\"7b9a901\"><div class=\"stk-block-content stk-inner-blocks stk-block-icon-box__content stk-container stk-7b9a901-container stk--no-background stk--no-padding\">\n<div class=\"wp-block-stackable-icon-label stk-block-icon-label stk-block stk-59008d8\" data-block-id=\"59008d8\"><div class=\"stk-row stk-inner-blocks stk-block-content\">\n<div class=\"wp-block-stackable-icon stk-block-icon has-text-align-left stk-block stk-efca49f\" data-block-id=\"efca49f\"><style>.stk-efca49f .stk--svg-wrapper .stk--inner-svg svg:last-child, .stk-efca49f .stk--svg-wrapper .stk--inner-svg svg:last-child :is(g, path, rect, polygon, ellipse){fill:var(--theme-palette-color-1, #DD3333) !important;}<\/style><span class=\"stk--svg-wrapper\"><div class=\"stk--inner-svg\"><svg style=\"height:0;width:0\"><defs><linearGradient id=\"linear-gradient-efca49f\" x1=\"0\" x2=\"100%\" y1=\"0\" y2=\"0\"><stop offset=\"0%\" style=\"stop-opacity:1;stop-color:var(--linear-gradient-efca-49-f-color-1)\"><\/stop><stop offset=\"100%\" style=\"stop-opacity:1;stop-color:var(--linear-gradient-efca-49-f-color-2)\"><\/stop><\/linearGradient><\/defs><\/svg><svg data-prefix=\"fa\" data-icon=\"star\" class=\"svg-inline--fa fa-star fa-w-18\" xmlns=\"http:\/\/www.w3.org\/2000\/svg\" viewBox=\"0 0 576 512\" aria-hidden=\"true\" width=\"32\" height=\"32\"><path fill=\"currentColor\" d=\"M259.3 17.8L194 150.2 47.9 171.5c-26.2 3.8-36.7 36.1-17.7 54.6l105.7 103-25 145.5c-4.5 26.3 23.2 46 46.4 33.7L288 439.6l130.7 68.7c23.2 12.2 50.9-7.4 46.4-33.7l-25-145.5 105.7-103c19-18.5 8.5-50.8-17.7-54.6L382 150.2 316.7 17.8c-11.7-23.6-45.6-23.9-57.4 0z\"><\/path><\/svg><\/div><\/span><\/div>\n\n\n\n<div class=\"wp-block-stackable-heading stk-block-heading stk-block-heading--v2 stk-block stk-1746ab9\" id=\"puhelin\" data-block-id=\"1746ab9\"><h4 class=\"stk-block-heading__text\">Puhelin<\/h4><\/div>\n<\/div><\/div>\n\n\n\n<div class=\"wp-block-stackable-text stk-block-text stk-block stk-f0a2737\" data-block-id=\"f0a2737\"><p class=\"stk-block-text__text\"><a href=\"tel:+358500860700\">0500 860 700<\/a><\/p><\/div>\n<\/div><\/div>\n<\/div><\/div><\/div>\n\n\n\n<div class=\"wp-block-stackable-column stk-block-column stk-column stk-block stk-40969c8 stk-block-background stk--has-background-overlay\" data-v=\"4\" data-block-id=\"40969c8\"><style>.stk-40969c8 {background-image:url(https:\/\/www.bj-eklund.fi\/wp-content\/uploads\/bj-forest-oy-1-1.jpg) !important;}.stk-40969c8-inner-blocks{justify-content:center !important;}.stk-40969c8-container{display:flex !important;}@media screen and (min-width:690px){.stk-40969c8 {flex:var(--stk-flex-grow, 1) 1 calc(33.33% - var(--stk-column-gap, 0px) * 2 \/ 3 ) !important;}}@media screen and (min-width:690px) and (max-width:999px){.stk-40969c8 {flex:var(--stk-flex-grow, 1) 1 calc(100% - var(--stk-column-gap, 0px) * 0 \/ 1 ) !important;}}@media screen and (max-width:999px){.stk-40969c8-container{min-height:273px !important;}}@media screen and (max-width:689px){.stk-40969c8-container{min-height:200px !important;}}<\/style><div class=\"stk-column-wrapper stk-block-column__content stk-container stk-40969c8-container stk--no-background stk--no-padding\"><div class=\"has-text-align-center stk-block-content stk-inner-blocks stk-40969c8-inner-blocks\"><\/div><\/div><\/div>\n\n\n\n<div class=\"wp-block-stackable-column stk-block-column stk-column stk-block stk-ba8e7cf\" data-v=\"4\" data-block-id=\"ba8e7cf\"><style>.stk-ba8e7cf-inner-blocks{justify-content:center !important;}.stk-ba8e7cf-container{display:flex !important;}@media screen and (min-width:690px){.stk-ba8e7cf {flex:var(--stk-flex-grow, 1) 1 calc(33.33% - var(--stk-column-gap, 0px) * 2 \/ 3 ) !important;}}@media screen and (min-width:690px) and (max-width:999px){.stk-ba8e7cf {flex:var(--stk-flex-grow, 1) 1 calc(100% - var(--stk-column-gap, 0px) * 0 \/ 1 ) !important;}}<\/style><div class=\"stk-column-wrapper stk-block-column__content stk-container stk-ba8e7cf-container stk--no-background stk--no-padding\"><div class=\"stk-block-content stk-inner-blocks stk-ba8e7cf-inner-blocks\">\n<div class=\"wp-block-stackable-icon-box stk-block-icon-box stk-block stk-b24044b\" data-v=\"2\" data-block-id=\"b24044b\"><div class=\"stk-block-content stk-inner-blocks stk-block-icon-box__content stk-container stk-b24044b-container stk--no-background stk--no-padding\">\n<div class=\"wp-block-stackable-icon-label stk-block-icon-label stk-block stk-f15b99a\" data-block-id=\"f15b99a\"><div class=\"stk-row stk-inner-blocks stk-block-content\">\n<div class=\"wp-block-stackable-icon stk-block-icon has-text-align-left stk-block stk-e71dc1c\" data-block-id=\"e71dc1c\"><style>.stk-e71dc1c .stk--svg-wrapper .stk--inner-svg svg:last-child, .stk-e71dc1c .stk--svg-wrapper .stk--inner-svg svg:last-child :is(g, path, rect, polygon, ellipse){fill:var(--theme-palette-color-1, #DD3333) !important;}<\/style><span class=\"stk--svg-wrapper\"><div class=\"stk--inner-svg\"><svg style=\"height:0;width:0\"><defs><linearGradient id=\"linear-gradient-e71dc1c\" x1=\"0\" x2=\"100%\" y1=\"0\" y2=\"0\"><stop offset=\"0%\" style=\"stop-opacity:1;stop-color:var(--linear-gradient-e-71-dc-1-c-color-1)\"><\/stop><stop offset=\"100%\" style=\"stop-opacity:1;stop-color:var(--linear-gradient-e-71-dc-1-c-color-2)\"><\/stop><\/linearGradient><\/defs><\/svg><svg data-prefix=\"fa\" data-icon=\"star\" class=\"svg-inline--fa fa-star fa-w-18\" xmlns=\"http:\/\/www.w3.org\/2000\/svg\" viewBox=\"0 0 576 512\" aria-hidden=\"true\" width=\"32\" height=\"32\"><path fill=\"currentColor\" d=\"M259.3 17.8L194 150.2 47.9 171.5c-26.2 3.8-36.7 36.1-17.7 54.6l105.7 103-25 145.5c-4.5 26.3 23.2 46 46.4 33.7L288 439.6l130.7 68.7c23.2 12.2 50.9-7.4 46.4-33.7l-25-145.5 105.7-103c19-18.5 8.5-50.8-17.7-54.6L382 150.2 316.7 17.8c-11.7-23.6-45.6-23.9-57.4 0z\"><\/path><\/svg><\/div><\/span><\/div>\n\n\n\n<div class=\"wp-block-stackable-heading stk-block-heading stk-block-heading--v2 stk-block stk-69b654f\" id=\"y-tunnus\" data-block-id=\"69b654f\"><h4 class=\"stk-block-heading__text\">Y-tunnus<\/h4><\/div>\n<\/div><\/div>\n\n\n\n<div class=\"wp-block-stackable-text stk-block-text stk-block stk-321ee46\" data-block-id=\"321ee46\"><p class=\"stk-block-text__text\">1947202-4<\/p><\/div>\n<\/div><\/div>\n\n\n\n<div class=\"wp-block-stackable-icon-box stk-block-icon-box stk-block stk-eefd684\" data-v=\"2\" data-block-id=\"eefd684\"><div class=\"stk-block-content stk-inner-blocks stk-block-icon-box__content stk-container stk-eefd684-container stk--no-background stk--no-padding\">\n<div class=\"wp-block-stackable-icon-label stk-block-icon-label stk-block stk-74dff56\" data-block-id=\"74dff56\"><div class=\"stk-row stk-inner-blocks stk-block-content\">\n<div class=\"wp-block-stackable-icon stk-block-icon has-text-align-left stk-block stk-52c8f62\" data-block-id=\"52c8f62\"><style>.stk-52c8f62 .stk--svg-wrapper .stk--inner-svg svg:last-child, .stk-52c8f62 .stk--svg-wrapper .stk--inner-svg svg:last-child :is(g, path, rect, polygon, ellipse){fill:var(--theme-palette-color-1, #DD3333) !important;}<\/style><span class=\"stk--svg-wrapper\"><div class=\"stk--inner-svg\"><svg style=\"height:0;width:0\"><defs><linearGradient id=\"linear-gradient-52c8f62\" x1=\"0\" x2=\"100%\" y1=\"0\" y2=\"0\"><stop offset=\"0%\" style=\"stop-opacity:1;stop-color:var(--linear-gradient-52-c-8-f-62-color-1)\"><\/stop><stop offset=\"100%\" style=\"stop-opacity:1;stop-color:var(--linear-gradient-52-c-8-f-62-color-2)\"><\/stop><\/linearGradient><\/defs><\/svg><svg data-prefix=\"fa\" data-icon=\"star\" class=\"svg-inline--fa fa-star fa-w-18\" xmlns=\"http:\/\/www.w3.org\/2000\/svg\" viewBox=\"0 0 576 512\" aria-hidden=\"true\" width=\"32\" height=\"32\"><path fill=\"currentColor\" d=\"M259.3 17.8L194 150.2 47.9 171.5c-26.2 3.8-36.7 36.1-17.7 54.6l105.7 103-25 145.5c-4.5 26.3 23.2 46 46.4 33.7L288 439.6l130.7 68.7c23.2 12.2 50.9-7.4 46.4-33.7l-25-145.5 105.7-103c19-18.5 8.5-50.8-17.7-54.6L382 150.2 316.7 17.8c-11.7-23.6-45.6-23.9-57.4 0z\"><\/path><\/svg><\/div><\/span><\/div>\n\n\n\n<div class=\"wp-block-stackable-heading stk-block-heading stk-block-heading--v2 stk-block stk-70cbaa4\" id=\"sahkoposti\" data-block-id=\"70cbaa4\"><h4 class=\"stk-block-heading__text\">S\u00e4hk\u00f6posti<\/h4><\/div>\n<\/div><\/div>\n\n\n\n<div class=\"wp-block-stackable-text stk-block-text stk-block stk-ae5ad97\" data-block-id=\"ae5ad97\"><p class=\"stk-block-text__text\"><a href=\"m&#97;&#105;&#x6c;&#x74;o:&#98;&#106;&#x2d;&#x65;kl&#117;&#110;&#x64;&#x40;bj&#45;&#x65;&#x6b;&#x6c;u&#110;&#100;&#x2e;&#x66;&#x69;\">&#x62;&#x6a;&#45;e&#x6b;&#x6c;&#117;nd&#x40;&#x62;&#106;-&#x65;&#x6b;&#108;&#117;n&#x64;&#x2e;&#102;i<\/a><\/p><\/div>\n<\/div><\/div>\n<\/div><\/div><\/div>\n<\/div><\/div>\n<\/div><\/div><\/div>\n<\/div><\/div>\n","protected":false},"excerpt":{"rendered":"<p>Osoite Yrj\u00e4ksentie 2, 06830 KULLOONKYL\u00c4 Puhelin 0500 860 700 Y-tunnus 1947202-4 S\u00e4hk\u00f6posti &#98;&#x6a;&#45;&#x65;&#107;&#x6c;&#117;&#x6e;&#100;&#x40;&#98;&#x6a;&#45;&#x65;&#107;&#x6c;&#117;&#x6e;&#100;&#x2e;&#102;&#x69;<\/p>\n","protected":false},"author":1,"featured_media":0,"parent":0,"menu_order":0,"comment_status":"closed","ping_status":"closed","template":"","meta":{"footnotes":""},"class_list":["post-34","page","type-page","status-publish","hentry"],"blocksy_meta":{"vertical_spacing_source":"inherit","content_area_spacing":"bottom","styles_descriptor":{"styles":{"desktop":"","tablet":"","mobile":""},"google_fonts":[],"version":6}},"yoast_head":"<!-- This site is optimized with the Yoast SEO plugin v27.5 - https:\/\/yoast.com\/product\/yoast-seo-wordpress\/ -->\n<title>Yhteystiedot - BJ-Eklund Oy \u2013 mets\u00e4t\u00f6iden ja maa-aineskuljetusten ammattilainen<\/title>\n<meta name=\"description\" content=\"Mets\u00e4- ja maanrakennusalan ammattilainen Porvoossa. Soita tai l\u00e4het\u00e4 s\u00e4hk\u00f6postia helposti yhteystietojemme kautta. Ole yhteydess\u00e4!\" \/>\n<meta name=\"robots\" content=\"index, follow, max-snippet:-1, max-image-preview:large, max-video-preview:-1\" \/>\n<link rel=\"canonical\" href=\"https:\/\/www.bj-eklund.fi\/fi\/yhteystiedot\/\" \/>\n<meta property=\"og:locale\" content=\"fi_FI\" \/>\n<meta property=\"og:type\" content=\"article\" \/>\n<meta property=\"og:title\" content=\"Yhteystiedot - BJ-Eklund Oy \u2013 mets\u00e4t\u00f6iden ja maa-aineskuljetusten ammattilainen\" \/>\n<meta property=\"og:description\" content=\"Mets\u00e4- ja maanrakennusalan ammattilainen Porvoossa. Soita tai l\u00e4het\u00e4 s\u00e4hk\u00f6postia helposti yhteystietojemme kautta. Ole yhteydess\u00e4!\" \/>\n<meta property=\"og:url\" content=\"https:\/\/www.bj-eklund.fi\/fi\/yhteystiedot\/\" \/>\n<meta property=\"og:site_name\" content=\"BJ-Eklund Oy\" \/>\n<meta property=\"article:modified_time\" content=\"2024-10-23T12:23:29+00:00\" \/>\n<meta property=\"og:image\" content=\"https:\/\/www.bj-eklund.fi\/wp-content\/uploads\/bj-forest-oy-1-3.jpg\" \/>\n\t<meta property=\"og:image:width\" content=\"1600\" \/>\n\t<meta property=\"og:image:height\" content=\"1200\" \/>\n\t<meta property=\"og:image:type\" content=\"image\/jpeg\" \/>\n<meta name=\"twitter:card\" content=\"summary_large_image\" \/>\n<meta name=\"twitter:label1\" content=\"Arvioitu lukuaika\" \/>\n\t<meta name=\"twitter:data1\" content=\"1 minuutti\" \/>\n<script type=\"application\/ld+json\" class=\"yoast-schema-graph\">{\"@context\":\"https:\\\/\\\/schema.org\",\"@graph\":[{\"@type\":\"WebPage\",\"@id\":\"https:\\\/\\\/www.bj-eklund.fi\\\/fi\\\/yhteystiedot\\\/\",\"url\":\"https:\\\/\\\/www.bj-eklund.fi\\\/fi\\\/yhteystiedot\\\/\",\"name\":\"Yhteystiedot - BJ-Eklund Oy \u2013 mets\u00e4t\u00f6iden ja maa-aineskuljetusten ammattilainen\",\"isPartOf\":{\"@id\":\"https:\\\/\\\/www.bj-eklund.fi\\\/fi\\\/#website\"},\"datePublished\":\"2024-08-20T09:45:11+00:00\",\"dateModified\":\"2024-10-23T12:23:29+00:00\",\"description\":\"Mets\u00e4- ja maanrakennusalan ammattilainen Porvoossa. Soita tai l\u00e4het\u00e4 s\u00e4hk\u00f6postia helposti yhteystietojemme kautta. Ole yhteydess\u00e4!\",\"breadcrumb\":{\"@id\":\"https:\\\/\\\/www.bj-eklund.fi\\\/fi\\\/yhteystiedot\\\/#breadcrumb\"},\"inLanguage\":\"fi\",\"potentialAction\":[{\"@type\":\"ReadAction\",\"target\":[\"https:\\\/\\\/www.bj-eklund.fi\\\/fi\\\/yhteystiedot\\\/\"]}]},{\"@type\":\"BreadcrumbList\",\"@id\":\"https:\\\/\\\/www.bj-eklund.fi\\\/fi\\\/yhteystiedot\\\/#breadcrumb\",\"itemListElement\":[{\"@type\":\"ListItem\",\"position\":1,\"name\":\"Etusivu\",\"item\":\"https:\\\/\\\/www.bj-eklund.fi\\\/fi\\\/\"},{\"@type\":\"ListItem\",\"position\":2,\"name\":\"Yhteystiedot\"}]},{\"@type\":\"WebSite\",\"@id\":\"https:\\\/\\\/www.bj-eklund.fi\\\/fi\\\/#website\",\"url\":\"https:\\\/\\\/www.bj-eklund.fi\\\/fi\\\/\",\"name\":\"BJ-EKLUND Oy\",\"description\":\"Kantojen ja energiapuun kierr&auml;tys ja k&auml;sittely\",\"publisher\":{\"@id\":\"https:\\\/\\\/www.bj-eklund.fi\\\/fi\\\/#organization\"},\"potentialAction\":[{\"@type\":\"SearchAction\",\"target\":{\"@type\":\"EntryPoint\",\"urlTemplate\":\"https:\\\/\\\/www.bj-eklund.fi\\\/fi\\\/?s={search_term_string}\"},\"query-input\":{\"@type\":\"PropertyValueSpecification\",\"valueRequired\":true,\"valueName\":\"search_term_string\"}}],\"inLanguage\":\"fi\"},{\"@type\":\"Organization\",\"@id\":\"https:\\\/\\\/www.bj-eklund.fi\\\/fi\\\/#organization\",\"name\":\"BJ-Eklund Oy\",\"url\":\"https:\\\/\\\/www.bj-eklund.fi\\\/fi\\\/\",\"logo\":{\"@type\":\"ImageObject\",\"inLanguage\":\"fi\",\"@id\":\"https:\\\/\\\/www.bj-eklund.fi\\\/fi\\\/#\\\/schema\\\/logo\\\/image\\\/\",\"url\":\"https:\\\/\\\/www.bj-eklund.fi\\\/wp-content\\\/uploads\\\/BJ-Eklund-logo-OY-valkoinen.png\",\"contentUrl\":\"https:\\\/\\\/www.bj-eklund.fi\\\/wp-content\\\/uploads\\\/BJ-Eklund-logo-OY-valkoinen.png\",\"width\":718,\"height\":187,\"caption\":\"BJ-Eklund Oy\"},\"image\":{\"@id\":\"https:\\\/\\\/www.bj-eklund.fi\\\/fi\\\/#\\\/schema\\\/logo\\\/image\\\/\"}}]}<\/script>\n<!-- \/ Yoast SEO plugin. -->","yoast_head_json":{"title":"Yhteystiedot - BJ-Eklund Oy \u2013 mets\u00e4t\u00f6iden ja maa-aineskuljetusten ammattilainen","description":"Mets\u00e4- ja maanrakennusalan ammattilainen Porvoossa. Soita tai l\u00e4het\u00e4 s\u00e4hk\u00f6postia helposti yhteystietojemme kautta. Ole yhteydess\u00e4!","robots":{"index":"index","follow":"follow","max-snippet":"max-snippet:-1","max-image-preview":"max-image-preview:large","max-video-preview":"max-video-preview:-1"},"canonical":"https:\/\/www.bj-eklund.fi\/fi\/yhteystiedot\/","og_locale":"fi_FI","og_type":"article","og_title":"Yhteystiedot - BJ-Eklund Oy \u2013 mets\u00e4t\u00f6iden ja maa-aineskuljetusten ammattilainen","og_description":"Mets\u00e4- ja maanrakennusalan ammattilainen Porvoossa. Soita tai l\u00e4het\u00e4 s\u00e4hk\u00f6postia helposti yhteystietojemme kautta. Ole yhteydess\u00e4!","og_url":"https:\/\/www.bj-eklund.fi\/fi\/yhteystiedot\/","og_site_name":"BJ-Eklund Oy","article_modified_time":"2024-10-23T12:23:29+00:00","og_image":[{"width":1600,"height":1200,"url":"https:\/\/www.bj-eklund.fi\/wp-content\/uploads\/bj-forest-oy-1-3.jpg","type":"image\/jpeg"}],"twitter_card":"summary_large_image","twitter_misc":{"Arvioitu lukuaika":"1 minuutti"},"schema":{"@context":"https:\/\/schema.org","@graph":[{"@type":"WebPage","@id":"https:\/\/www.bj-eklund.fi\/fi\/yhteystiedot\/","url":"https:\/\/www.bj-eklund.fi\/fi\/yhteystiedot\/","name":"Yhteystiedot - BJ-Eklund Oy \u2013 mets\u00e4t\u00f6iden ja maa-aineskuljetusten ammattilainen","isPartOf":{"@id":"https:\/\/www.bj-eklund.fi\/fi\/#website"},"datePublished":"2024-08-20T09:45:11+00:00","dateModified":"2024-10-23T12:23:29+00:00","description":"Mets\u00e4- ja maanrakennusalan ammattilainen Porvoossa. Soita tai l\u00e4het\u00e4 s\u00e4hk\u00f6postia helposti yhteystietojemme kautta. Ole yhteydess\u00e4!","breadcrumb":{"@id":"https:\/\/www.bj-eklund.fi\/fi\/yhteystiedot\/#breadcrumb"},"inLanguage":"fi","potentialAction":[{"@type":"ReadAction","target":["https:\/\/www.bj-eklund.fi\/fi\/yhteystiedot\/"]}]},{"@type":"BreadcrumbList","@id":"https:\/\/www.bj-eklund.fi\/fi\/yhteystiedot\/#breadcrumb","itemListElement":[{"@type":"ListItem","position":1,"name":"Etusivu","item":"https:\/\/www.bj-eklund.fi\/fi\/"},{"@type":"ListItem","position":2,"name":"Yhteystiedot"}]},{"@type":"WebSite","@id":"https:\/\/www.bj-eklund.fi\/fi\/#website","url":"https:\/\/www.bj-eklund.fi\/fi\/","name":"BJ-EKLUND Oy","description":"Kantojen ja energiapuun kierr&auml;tys ja k&auml;sittely","publisher":{"@id":"https:\/\/www.bj-eklund.fi\/fi\/#organization"},"potentialAction":[{"@type":"SearchAction","target":{"@type":"EntryPoint","urlTemplate":"https:\/\/www.bj-eklund.fi\/fi\/?s={search_term_string}"},"query-input":{"@type":"PropertyValueSpecification","valueRequired":true,"valueName":"search_term_string"}}],"inLanguage":"fi"},{"@type":"Organization","@id":"https:\/\/www.bj-eklund.fi\/fi\/#organization","name":"BJ-Eklund Oy","url":"https:\/\/www.bj-eklund.fi\/fi\/","logo":{"@type":"ImageObject","inLanguage":"fi","@id":"https:\/\/www.bj-eklund.fi\/fi\/#\/schema\/logo\/image\/","url":"https:\/\/www.bj-eklund.fi\/wp-content\/uploads\/BJ-Eklund-logo-OY-valkoinen.png","contentUrl":"https:\/\/www.bj-eklund.fi\/wp-content\/uploads\/BJ-Eklund-logo-OY-valkoinen.png","width":718,"height":187,"caption":"BJ-Eklund Oy"},"image":{"@id":"https:\/\/www.bj-eklund.fi\/fi\/#\/schema\/logo\/image\/"}}]}},"_links":{"self":[{"href":"https:\/\/www.bj-eklund.fi\/fi\/wp-json\/wp\/v2\/pages\/34","targetHints":{"allow":["GET"]}}],"collection":[{"href":"https:\/\/www.bj-eklund.fi\/fi\/wp-json\/wp\/v2\/pages"}],"about":[{"href":"https:\/\/www.bj-eklund.fi\/fi\/wp-json\/wp\/v2\/types\/page"}],"author":[{"embeddable":true,"href":"https:\/\/www.bj-eklund.fi\/fi\/wp-json\/wp\/v2\/users\/1"}],"replies":[{"embeddable":true,"href":"https:\/\/www.bj-eklund.fi\/fi\/wp-json\/wp\/v2\/comments?post=34"}],"version-history":[{"count":24,"href":"https:\/\/www.bj-eklund.fi\/fi\/wp-json\/wp\/v2\/pages\/34\/revisions"}],"predecessor-version":[{"id":545,"href":"https:\/\/www.bj-eklund.fi\/fi\/wp-json\/wp\/v2\/pages\/34\/revisions\/545"}],"wp:attachment":[{"href":"https:\/\/www.bj-eklund.fi\/fi\/wp-json\/wp\/v2\/media?parent=34"}],"curies":[{"name":"wp","href":"https:\/\/api.w.org\/{rel}","templated":true}]}}